{"id":1293,"date":"2021-07-16T15:09:18","date_gmt":"2021-07-16T13:09:18","guid":{"rendered":"https:\/\/alextheoliveguy.com\/rechtliche-informationen\/"},"modified":"2025-01-28T15:41:35","modified_gmt":"2025-01-28T14:41:35","slug":"rechtliche-informationen","status":"publish","type":"page","link":"https:\/\/alextheoliveguy.com\/de\/rechtliche-informationen\/","title":{"rendered":"Rechtliche Informationen"},"content":{"rendered":"<p><div class=\"fusion-fullwidth fullwidth-box fusion-builder-row-1 fusion-flex-container fusion-parallax-none nonhundred-percent-fullwidth non-hundred-percent-height-scrolling fusion-no-small-visibility\" style=\"--awb-border-radius-top-left:0px;--awb-border-radius-top-right:0px;--awb-border-radius-bottom-right:0px;--awb-border-radius-bottom-left:0px;--awb-padding-top:30px;--awb-padding-right:12vw;--awb-padding-bottom:30px;--awb-padding-left:12vw;--awb-min-height:600px;--awb-background-color:rgba(35,42,52,0.38);--awb-background-image:url(&quot;https:\/\/alextheoliveguy.com\/wp-content\/uploads\/2023\/12\/header-mentions.jpg&quot;);--awb-background-size:cover;--awb-flex-wrap:wrap;\" data-preload-img=\"https:\/\/alextheoliveguy.com\/wp-content\/uploads\/2023\/12\/header-mentions.jpg\" ><div class=\"fusion-builder-row fusion-row fusion-flex-align-items-center fusion-flex-align-content-center fusion-flex-content-wrap\" style=\"max-width:104%;margin-left: calc(-4% \/ 2 );margin-right: calc(-4% \/ 2 );\"><div class=\"fusion-layout-column fusion_builder_column fusion-builder-column-0 fusion_builder_column_2_3 2_3 fusion-flex-column fusion-animated\" style=\"--awb-bg-size:cover;--awb-width-large:66.6666666667%;--awb-margin-top-large:0px;--awb-spacing-right-large:2.88%;--awb-margin-bottom-large:0px;--awb-spacing-left-large:2.88%;--awb-width-medium:75%;--awb-order-medium:0;--awb-spacing-right-medium:2.56%;--awb-spacing-left-medium:2.56%;--awb-width-small:100%;--awb-order-small:0;--awb-spacing-right-small:1.92%;--awb-spacing-left-small:1.92%;\" data-animationType=\"fadeInUp\" data-animationDuration=\"0.8\" data-animationOffset=\"top-into-view\"><div class=\"fusion-column-wrapper fusion-column-has-shadow fusion-flex-justify-content-center fusion-content-layout-column\"><div class=\"fusion-title title fusion-title-1 fusion-title-text fusion-title-size-one\" style=\"--awb-text-color:var(--awb-color6);--awb-margin-bottom:40px;--awb-font-size:80px;\"><div class=\"title-sep-container title-sep-container-left fusion-no-large-visibility fusion-no-medium-visibility fusion-no-small-visibility\"><div class=\"title-sep sep- sep-solid\" style=\"border-color:hsla(var(--awb-color3-h),calc( var(--awb-color3-s) + 3% ),var(--awb-color3-l),var(--awb-color3-a));\"><\/div><\/div><span class=\"awb-title-spacer fusion-no-large-visibility fusion-no-medium-visibility fusion-no-small-visibility\"><\/span><h1 class=\"fusion-title-heading title-heading-left fusion-responsive-typography-calculated\" style=\"font-family:&quot;Alex&quot;;font-style:normal;font-weight:400;margin:0;font-size:1em;--fontSize:80;line-height:1.2;\"><p class=\"p1\">Rechtliche Informationen<\/p><\/h1><span class=\"awb-title-spacer\"><\/span><div class=\"title-sep-container title-sep-container-right\"><div class=\"title-sep sep- sep-solid\" style=\"border-color:hsla(var(--awb-color3-h),calc( var(--awb-color3-s) + 3% ),var(--awb-color3-l),var(--awb-color3-a));\"><\/div><\/div><\/div><div ><a class=\"fusion-button button-flat button-xlarge button-default fusion-button-default button-1 fusion-button-default-span fusion-button-default-type\" target=\"_self\" href=\"#learn\"><i class=\"fa-chevron-down fas awb-button__icon awb-button__icon--default button-icon-left\" aria-hidden=\"true\"><\/i><span class=\"fusion-button-text awb-button__text awb-button__text--default\">Mehr erfahren<\/span><\/a><\/div><\/div><\/div><\/div><\/div><div id=\"lernen\" class=\"fusion-container-anchor\"><div class=\"fusion-fullwidth fullwidth-box fusion-builder-row-2 fusion-flex-container nonhundred-percent-fullwidth non-hundred-percent-height-scrolling\" style=\"--awb-border-radius-top-left:0px;--awb-border-radius-top-right:0px;--awb-border-radius-bottom-right:0px;--awb-border-radius-bottom-left:0px;--awb-padding-top:80px;--awb-padding-right:50px;--awb-padding-bottom:80px;--awb-padding-left:50px;--awb-flex-wrap:wrap;\" ><div class=\"fusion-builder-row fusion-row fusion-flex-align-items-flex-start fusion-flex-content-wrap\" style=\"max-width:104%;margin-left: calc(-4% \/ 2 );margin-right: calc(-4% \/ 2 );\"><div class=\"fusion-layout-column fusion_builder_column fusion-builder-column-1 fusion_builder_column_1_1 1_1 fusion-flex-column\" style=\"--awb-bg-size:cover;--awb-width-large:100%;--awb-margin-top-large:0px;--awb-spacing-right-large:1.92%;--awb-margin-bottom-large:0px;--awb-spacing-left-large:1.92%;--awb-width-medium:100%;--awb-spacing-right-medium:1.92%;--awb-spacing-left-medium:1.92%;--awb-width-small:100%;--awb-spacing-right-small:1.92%;--awb-spacing-left-small:1.92%;\"><div class=\"fusion-column-wrapper fusion-flex-justify-content-flex-start fusion-content-layout-column\"><div class=\"fusion-text fusion-text-1\" style=\"--awb-text-transform:none;\"><p><strong>Informationen zum Herausgeber<\/strong>:<\/p>\n<p>Name: &#8222;Alex, der Olivenmann&#8220; von Alexander Hartog<\/p>\n<p>Adresse: Frohnhofstrasse 177a, 50827 K\u00f6ln<br \/>\nKontakt: alexhartog@gmail.com<br \/>\nWebmaster : Vincent Adam &#8211; <a href=\"mailto:vinze.adam@gmail.com\">vinze.adam@gmail.com<\/a><\/p>\n<p><strong>Webhosting<\/strong>:<\/p>\n<p>Hosting-Anbieter:  [Hosting Company Name]\nAdresse des Anbieters:  [Provider&#8217;s Address]\nKontakt des Anbieters:  [Provider&#8217;s Contact Information]<\/p>\n<p><strong>Nutzungsbedingungen<\/strong>:<\/p>\n<p>Die Website dient der Information \u00fcber das handwerklich hergestellte Oliven\u00f6l von Alex.<br \/>\nDie Benutzer verpflichten sich, die Website rechtm\u00e4\u00dfig zu nutzen.<\/p>\n<p><strong>Geistiges Eigentum<\/strong>:<\/p>\n<p>Der gesamte Inhalt, einschlie\u00dflich der Texte und Bilder, ist Eigentum von Alex und durch das Urheberrecht gesch\u00fctzt.<\/p>\n<p><strong>Datenschutz<\/strong>:<\/p>\n<p>Einzelheiten zum Umgang mit Daten und zur Einhaltung der GDPR finden Sie in der <a href=\"https:\/\/alextheoliveguy.com\/privacy-policy\/\">Datenschutzrichtlinie<\/a>.<\/p>\n<p><strong>Haftung<\/strong>:<\/p>\n<p>Alex haftet nicht f\u00fcr eventuelle Ungenauigkeiten oder Auslassungen in den bereitgestellten Informationen.<\/p>\n<p><strong>\u00c4nderungen bei den rechtlichen Hinweisen<\/strong>:<\/p>\n<p>Die Website beh\u00e4lt sich das Recht vor, diese Erw\u00e4hnungen jederzeit zu \u00e4ndern.<\/p>\n<\/div><\/div><\/div><\/div><\/div><\/div><\/p>\n","protected":false},"excerpt":{"rendered":"","protected":false},"author":1,"featured_media":0,"parent":0,"menu_order":0,"comment_status":"closed","ping_status":"open","template":"","meta":{"_glsr_average":0,"_glsr_ranking":0,"_glsr_reviews":0,"footnotes":""},"class_list":["post-1293","page","type-page","status-publish","hentry"],"yoast_head":"<!-- This site is optimized with the Yoast SEO plugin v27.5 - https:\/\/yoast.com\/product\/yoast-seo-wordpress\/ -->\n<title>Rechtliche Informationen - Alex - The Olive Guy<\/title>\n<meta name=\"robots\" content=\"index, follow, max-snippet:-1, max-image-preview:large, max-video-preview:-1\" \/>\n<link rel=\"canonical\" href=\"https:\/\/alextheoliveguy.com\/de\/rechtliche-informationen\/\" \/>\n<meta property=\"og:locale\" content=\"de_DE\" \/>\n<meta property=\"og:type\" content=\"article\" \/>\n<meta property=\"og:title\" content=\"Rechtliche Informationen - Alex - The Olive Guy\" \/>\n<meta property=\"og:url\" content=\"https:\/\/alextheoliveguy.com\/de\/rechtliche-informationen\/\" \/>\n<meta property=\"og:site_name\" content=\"Alex - The Olive Guy\" \/>\n<meta property=\"article:modified_time\" content=\"2025-01-28T14:41:35+00:00\" \/>\n<meta name=\"twitter:card\" content=\"summary_large_image\" \/>\n<meta name=\"twitter:label1\" content=\"Gesch\u00e4tzte Lesezeit\" \/>\n\t<meta name=\"twitter:data1\" content=\"12\u00a0Minuten\" \/>\n<script type=\"application\/ld+json\" class=\"yoast-schema-graph\">{\"@context\":\"https:\\\/\\\/schema.org\",\"@graph\":[{\"@type\":\"WebPage\",\"@id\":\"https:\\\/\\\/alextheoliveguy.com\\\/de\\\/rechtliche-informationen\\\/\",\"url\":\"https:\\\/\\\/alextheoliveguy.com\\\/de\\\/rechtliche-informationen\\\/\",\"name\":\"Rechtliche Informationen - Alex - The Olive Guy\",\"isPartOf\":{\"@id\":\"https:\\\/\\\/alextheoliveguy.com\\\/de\\\/#website\"},\"datePublished\":\"2021-07-16T13:09:18+00:00\",\"dateModified\":\"2025-01-28T14:41:35+00:00\",\"breadcrumb\":{\"@id\":\"https:\\\/\\\/alextheoliveguy.com\\\/de\\\/rechtliche-informationen\\\/#breadcrumb\"},\"inLanguage\":\"de\",\"potentialAction\":[{\"@type\":\"ReadAction\",\"target\":[\"https:\\\/\\\/alextheoliveguy.com\\\/de\\\/rechtliche-informationen\\\/\"]}]},{\"@type\":\"BreadcrumbList\",\"@id\":\"https:\\\/\\\/alextheoliveguy.com\\\/de\\\/rechtliche-informationen\\\/#breadcrumb\",\"itemListElement\":[{\"@type\":\"ListItem\",\"position\":1,\"name\":\"Accueil\",\"item\":\"https:\\\/\\\/alextheoliveguy.com\\\/de\\\/startseite\\\/\"},{\"@type\":\"ListItem\",\"position\":2,\"name\":\"Rechtliche Informationen\"}]},{\"@type\":\"WebSite\",\"@id\":\"https:\\\/\\\/alextheoliveguy.com\\\/de\\\/#website\",\"url\":\"https:\\\/\\\/alextheoliveguy.com\\\/de\\\/\",\"name\":\"Alex - The Olive Guy\",\"description\":\"Bringing the heart of Italy to your table, Alex - The Olive Guy, where passion meets purity in every drop of excellence\",\"potentialAction\":[{\"@type\":\"SearchAction\",\"target\":{\"@type\":\"EntryPoint\",\"urlTemplate\":\"https:\\\/\\\/alextheoliveguy.com\\\/de\\\/?s={search_term_string}\"},\"query-input\":{\"@type\":\"PropertyValueSpecification\",\"valueRequired\":true,\"valueName\":\"search_term_string\"}}],\"inLanguage\":\"de\"}]}<\/script>\n<!-- \/ Yoast SEO plugin. -->","yoast_head_json":{"title":"Rechtliche Informationen - Alex - The Olive Guy","robots":{"index":"index","follow":"follow","max-snippet":"max-snippet:-1","max-image-preview":"max-image-preview:large","max-video-preview":"max-video-preview:-1"},"canonical":"https:\/\/alextheoliveguy.com\/de\/rechtliche-informationen\/","og_locale":"de_DE","og_type":"article","og_title":"Rechtliche Informationen - Alex - The Olive Guy","og_url":"https:\/\/alextheoliveguy.com\/de\/rechtliche-informationen\/","og_site_name":"Alex - The Olive Guy","article_modified_time":"2025-01-28T14:41:35+00:00","twitter_card":"summary_large_image","twitter_misc":{"Gesch\u00e4tzte Lesezeit":"12\u00a0Minuten"},"schema":{"@context":"https:\/\/schema.org","@graph":[{"@type":"WebPage","@id":"https:\/\/alextheoliveguy.com\/de\/rechtliche-informationen\/","url":"https:\/\/alextheoliveguy.com\/de\/rechtliche-informationen\/","name":"Rechtliche Informationen - Alex - The Olive Guy","isPartOf":{"@id":"https:\/\/alextheoliveguy.com\/de\/#website"},"datePublished":"2021-07-16T13:09:18+00:00","dateModified":"2025-01-28T14:41:35+00:00","breadcrumb":{"@id":"https:\/\/alextheoliveguy.com\/de\/rechtliche-informationen\/#breadcrumb"},"inLanguage":"de","potentialAction":[{"@type":"ReadAction","target":["https:\/\/alextheoliveguy.com\/de\/rechtliche-informationen\/"]}]},{"@type":"BreadcrumbList","@id":"https:\/\/alextheoliveguy.com\/de\/rechtliche-informationen\/#breadcrumb","itemListElement":[{"@type":"ListItem","position":1,"name":"Accueil","item":"https:\/\/alextheoliveguy.com\/de\/startseite\/"},{"@type":"ListItem","position":2,"name":"Rechtliche Informationen"}]},{"@type":"WebSite","@id":"https:\/\/alextheoliveguy.com\/de\/#website","url":"https:\/\/alextheoliveguy.com\/de\/","name":"Alex - The Olive Guy","description":"Bringing the heart of Italy to your table, Alex - The Olive Guy, where passion meets purity in every drop of excellence","potentialAction":[{"@type":"SearchAction","target":{"@type":"EntryPoint","urlTemplate":"https:\/\/alextheoliveguy.com\/de\/?s={search_term_string}"},"query-input":{"@type":"PropertyValueSpecification","valueRequired":true,"valueName":"search_term_string"}}],"inLanguage":"de"}]}},"_links":{"self":[{"href":"https:\/\/alextheoliveguy.com\/de\/wp-json\/wp\/v2\/pages\/1293","targetHints":{"allow":["GET"]}}],"collection":[{"href":"https:\/\/alextheoliveguy.com\/de\/wp-json\/wp\/v2\/pages"}],"about":[{"href":"https:\/\/alextheoliveguy.com\/de\/wp-json\/wp\/v2\/types\/page"}],"author":[{"embeddable":true,"href":"https:\/\/alextheoliveguy.com\/de\/wp-json\/wp\/v2\/users\/1"}],"replies":[{"embeddable":true,"href":"https:\/\/alextheoliveguy.com\/de\/wp-json\/wp\/v2\/comments?post=1293"}],"version-history":[{"count":3,"href":"https:\/\/alextheoliveguy.com\/de\/wp-json\/wp\/v2\/pages\/1293\/revisions"}],"predecessor-version":[{"id":1296,"href":"https:\/\/alextheoliveguy.com\/de\/wp-json\/wp\/v2\/pages\/1293\/revisions\/1296"}],"wp:attachment":[{"href":"https:\/\/alextheoliveguy.com\/de\/wp-json\/wp\/v2\/media?parent=1293"}],"curies":[{"name":"wp","href":"https:\/\/api.w.org\/{rel}","templated":true}]}}