{"id":1385,"date":"2023-12-29T07:30:30","date_gmt":"2023-12-29T06:30:30","guid":{"rendered":"https:\/\/alextheoliveguy.com\/datenschutzbestimmungen\/"},"modified":"2025-01-31T12:40:50","modified_gmt":"2025-01-31T11:40:50","slug":"datenschutzbestimmungen","status":"publish","type":"page","link":"https:\/\/alextheoliveguy.com\/de\/datenschutzbestimmungen\/","title":{"rendered":"Datenschutzbestimmungen"},"content":{"rendered":"<p><div class=\"fusion-fullwidth fullwidth-box fusion-builder-row-1 fusion-flex-container fusion-parallax-none nonhundred-percent-fullwidth non-hundred-percent-height-scrolling fusion-no-small-visibility\" style=\"--awb-border-radius-top-left:0px;--awb-border-radius-top-right:0px;--awb-border-radius-bottom-right:0px;--awb-border-radius-bottom-left:0px;--awb-padding-top:30px;--awb-padding-right:12vw;--awb-padding-bottom:30px;--awb-padding-left:12vw;--awb-min-height:600px;--awb-background-color:rgba(35,42,52,0.38);--awb-background-image:url(&quot;https:\/\/alextheoliveguy.com\/wp-content\/uploads\/2023\/12\/header-mentions.jpg&quot;);--awb-background-size:cover;--awb-flex-wrap:wrap;\" data-preload-img=\"https:\/\/alextheoliveguy.com\/wp-content\/uploads\/2023\/12\/header-mentions.jpg\" ><div class=\"fusion-builder-row fusion-row fusion-flex-align-items-center fusion-flex-align-content-center fusion-flex-content-wrap\" style=\"max-width:104%;margin-left: calc(-4% \/ 2 );margin-right: calc(-4% \/ 2 );\"><div class=\"fusion-layout-column fusion_builder_column fusion-builder-column-0 fusion_builder_column_2_3 2_3 fusion-flex-column fusion-animated\" style=\"--awb-bg-size:cover;--awb-width-large:66.6666666667%;--awb-margin-top-large:0px;--awb-spacing-right-large:2.88%;--awb-margin-bottom-large:0px;--awb-spacing-left-large:2.88%;--awb-width-medium:75%;--awb-order-medium:0;--awb-spacing-right-medium:2.56%;--awb-spacing-left-medium:2.56%;--awb-width-small:100%;--awb-order-small:0;--awb-spacing-right-small:1.92%;--awb-spacing-left-small:1.92%;\" data-animationType=\"fadeInUp\" data-animationDuration=\"0.8\" data-animationOffset=\"top-into-view\"><div class=\"fusion-column-wrapper fusion-column-has-shadow fusion-flex-justify-content-center fusion-content-layout-column\"><div class=\"fusion-title title fusion-title-1 fusion-title-text fusion-title-size-one\" style=\"--awb-text-color:var(--awb-color6);--awb-margin-bottom:40px;--awb-font-size:80px;\"><div class=\"title-sep-container title-sep-container-left fusion-no-large-visibility fusion-no-medium-visibility fusion-no-small-visibility\"><div class=\"title-sep sep- sep-solid\" style=\"border-color:hsla(var(--awb-color3-h),calc( var(--awb-color3-s) + 3% ),var(--awb-color3-l),var(--awb-color3-a));\"><\/div><\/div><span class=\"awb-title-spacer fusion-no-large-visibility fusion-no-medium-visibility fusion-no-small-visibility\"><\/span><h1 class=\"fusion-title-heading title-heading-left fusion-responsive-typography-calculated\" style=\"font-family:&quot;Alex&quot;;font-style:normal;font-weight:400;margin:0;font-size:1em;--fontSize:80;line-height:1.2;\">Datenschutzbestimmungen<\/h1><span class=\"awb-title-spacer\"><\/span><div class=\"title-sep-container title-sep-container-right\"><div class=\"title-sep sep- sep-solid\" style=\"border-color:hsla(var(--awb-color3-h),calc( var(--awb-color3-s) + 3% ),var(--awb-color3-l),var(--awb-color3-a));\"><\/div><\/div><\/div><div ><a class=\"fusion-button button-flat button-xlarge button-default fusion-button-default button-1 fusion-button-default-span fusion-button-default-type\" target=\"_self\" href=\"#Lernen\"><i class=\"fa-chevron-down fas awb-button__icon awb-button__icon--default button-icon-left\" aria-hidden=\"true\"><\/i><span class=\"fusion-button-text awb-button__text awb-button__text--default\">Mehr erfahren<\/span><\/a><\/div><\/div><\/div><\/div><\/div><div id=\"lernen\" class=\"fusion-container-anchor\"><div class=\"fusion-fullwidth fullwidth-box fusion-builder-row-2 fusion-flex-container nonhundred-percent-fullwidth non-hundred-percent-height-scrolling\" style=\"--awb-border-radius-top-left:0px;--awb-border-radius-top-right:0px;--awb-border-radius-bottom-right:0px;--awb-border-radius-bottom-left:0px;--awb-padding-top:80px;--awb-padding-right:50px;--awb-padding-bottom:80px;--awb-padding-left:50px;--awb-flex-wrap:wrap;\" ><div class=\"fusion-builder-row fusion-row fusion-flex-align-items-flex-start fusion-flex-content-wrap\" style=\"max-width:104%;margin-left: calc(-4% \/ 2 );margin-right: calc(-4% \/ 2 );\"><div class=\"fusion-layout-column fusion_builder_column fusion-builder-column-1 fusion_builder_column_1_1 1_1 fusion-flex-column\" style=\"--awb-bg-size:cover;--awb-width-large:100%;--awb-margin-top-large:0px;--awb-spacing-right-large:1.92%;--awb-margin-bottom-large:0px;--awb-spacing-left-large:1.92%;--awb-width-medium:100%;--awb-spacing-right-medium:1.92%;--awb-spacing-left-medium:1.92%;--awb-width-small:100%;--awb-spacing-right-small:1.92%;--awb-spacing-left-small:1.92%;\"><div class=\"fusion-column-wrapper fusion-flex-justify-content-flex-start fusion-content-layout-column\"><div class=\"fusion-text fusion-text-1\" style=\"--awb-text-transform:none;\"><p>Diese Datenschutzrichtlinie beschreibt, wie Alex &#8211; The Olive Guy (\u201ewir\u201c, \u201euns\u201c, \u201eunser\u201c) Ihre pers\u00f6nlichen Daten sammelt, verwendet und sch\u00fctzt. Diese Richtlinie gilt f\u00fcr unsere Website alex.vinze.fr und die damit verbundenen Dienstleistungen.<\/p>\n<h2>Sammlung und Verwendung von Informationen:<\/h2>\n<p>Wir erheben personenbezogene Daten wie Namen, E-Mail-Adressen und Versandinformationen, wenn Nutzer Eink\u00e4ufe t\u00e4tigen oder sich f\u00fcr den Newsletter anmelden. Diese Daten werden verwendet, um Bestellungen zu bearbeiten, Kundendienst zu leisten und gelegentlich Updates \u00fcber unsere Produkte zu versenden.<\/p>\n<h2>Cookies und Tracking:<\/h2>\n<p>Unsere Website verwendet Cookies, um die Benutzerfreundlichkeit zu verbessern, die Nutzung der Website zu verfolgen und unsere Marketingma\u00dfnahmen anzupassen. Benutzer k\u00f6nnen ihre Browsereinstellungen so anpassen, dass sie Cookies ablehnen. Erfahren Sie mehr \u00fcber unsere <a href=\"https:\/\/alextheoliveguy.com\/de\/cookie-richtlinie\/\">Cookies-Richtlinie<\/a><\/p>\n<h2>Weitergabe und Offenlegung von Daten:<\/h2>\n<p>Wir verkaufen oder vermieten keine pers\u00f6nlichen Daten. Informationen k\u00f6nnen unter strengen Vertraulichkeitsvereinbarungen mit Drittanbietern f\u00fcr die Auftragsabwicklung und das E-Mail-Marketing weitergegeben werden. Datensicherheit: Wir setzen Sicherheitsma\u00dfnahmen ein, um Ihre pers\u00f6nlichen Daten vor unbefugtem Zugriff, Ver\u00e4nderung oder Zerst\u00f6rung zu sch\u00fctzen.<\/p>\n<h2>Benutzerrechte:<\/h2>\n<p>Die Benutzer haben das Recht, auf ihre pers\u00f6nlichen Daten zuzugreifen, sie zu aktualisieren oder zu l\u00f6schen. Kontaktieren Sie uns unter alexhartog@gmail.com f\u00fcr Anfragen. Gem\u00e4\u00df der Allgemeinen Datenschutzverordnung (GDPR) gew\u00e4hrleisten wir ein H\u00f6chstma\u00df an Datenschutz f\u00fcr in der EU ans\u00e4ssige Personen. Zu unseren Praktiken geh\u00f6ren eine transparente Datenerfassung, die Achtung der Nutzerrechte (Zugang, Berichtigung, L\u00f6schung), rechtm\u00e4\u00dfige Verarbeitungsgrundlagen und strenge Sicherheitsma\u00dfnahmen. Daten\u00fcbertragungen in L\u00e4nder au\u00dferhalb der EU sind abgesichert, und wir halten uns an strenge Richtlinien zur Datenaufbewahrung. Die Nutzer haben das Recht, ihre Zustimmung zu widerrufen und Beschwerden bei den Aufsichtsbeh\u00f6rden einzureichen. Wir verpflichten uns zur Einhaltung der GDPR-Grunds\u00e4tze und zur Gew\u00e4hrleistung von Datenschutz und Integrit\u00e4t im Umgang mit personenbezogenen Daten.<\/p>\n<h2>Datenschutz f\u00fcr Kinder:<\/h2>\n<p>Unsere Website ist nicht f\u00fcr Personen unter 18 Jahren bestimmt. Wir sammeln nicht wissentlich Daten von Kindern.<\/p>\n<h2>\u00c4nderungen an dieser Richtlinie:<\/h2>\n<p>Wir behalten uns das Recht vor, diese Richtlinie zu \u00e4ndern. \u00c4nderungen werden auf unserer Website ver\u00f6ffentlicht.<\/p>\n<h2>Kontaktieren Sie uns:<\/h2>\n<p>Wenn Sie Fragen oder Bedenken bez\u00fcglich dieser Richtlinie haben, kontaktieren Sie uns bitte unter: info@alextheoliveguy.com<\/p>\n<p><strong>Alex HARTOG &#8211; \u201eAlex &#8211; Der Olivenmann\u201c<\/strong><br \/>\nFrohnhofstra\u00dfe 177a<br \/>\n50827 K\u00f6ln<\/p>\n<\/div><\/div><\/div><\/div><\/div><\/div><\/p>\n","protected":false},"excerpt":{"rendered":"","protected":false},"author":1,"featured_media":0,"parent":0,"menu_order":0,"comment_status":"closed","ping_status":"open","template":"","meta":{"_glsr_average":0,"_glsr_ranking":0,"_glsr_reviews":0,"footnotes":""},"class_list":["post-1385","page","type-page","status-publish","hentry"],"yoast_head":"<!-- This site is optimized with the Yoast SEO plugin v27.5 - https:\/\/yoast.com\/product\/yoast-seo-wordpress\/ -->\n<title>Datenschutzbestimmungen - Alex - The Olive Guy<\/title>\n<meta name=\"robots\" content=\"index, follow, max-snippet:-1, max-image-preview:large, max-video-preview:-1\" \/>\n<link rel=\"canonical\" href=\"https:\/\/alextheoliveguy.com\/de\/datenschutzbestimmungen\/\" \/>\n<meta property=\"og:locale\" content=\"de_DE\" \/>\n<meta property=\"og:type\" content=\"article\" \/>\n<meta property=\"og:title\" content=\"Datenschutzbestimmungen - Alex - The Olive Guy\" \/>\n<meta property=\"og:url\" content=\"https:\/\/alextheoliveguy.com\/de\/datenschutzbestimmungen\/\" \/>\n<meta property=\"og:site_name\" content=\"Alex - The Olive Guy\" \/>\n<meta property=\"article:modified_time\" content=\"2025-01-31T11:40:50+00:00\" \/>\n<meta name=\"twitter:card\" content=\"summary_large_image\" \/>\n<meta name=\"twitter:label1\" content=\"Gesch\u00e4tzte Lesezeit\" \/>\n\t<meta name=\"twitter:data1\" content=\"9\u00a0Minuten\" \/>\n<script type=\"application\/ld+json\" class=\"yoast-schema-graph\">{\"@context\":\"https:\\\/\\\/schema.org\",\"@graph\":[{\"@type\":\"WebPage\",\"@id\":\"https:\\\/\\\/alextheoliveguy.com\\\/de\\\/datenschutzbestimmungen\\\/\",\"url\":\"https:\\\/\\\/alextheoliveguy.com\\\/de\\\/datenschutzbestimmungen\\\/\",\"name\":\"Datenschutzbestimmungen - Alex - The Olive Guy\",\"isPartOf\":{\"@id\":\"https:\\\/\\\/alextheoliveguy.com\\\/de\\\/#website\"},\"datePublished\":\"2023-12-29T06:30:30+00:00\",\"dateModified\":\"2025-01-31T11:40:50+00:00\",\"breadcrumb\":{\"@id\":\"https:\\\/\\\/alextheoliveguy.com\\\/de\\\/datenschutzbestimmungen\\\/#breadcrumb\"},\"inLanguage\":\"de\",\"potentialAction\":[{\"@type\":\"ReadAction\",\"target\":[\"https:\\\/\\\/alextheoliveguy.com\\\/de\\\/datenschutzbestimmungen\\\/\"]}]},{\"@type\":\"BreadcrumbList\",\"@id\":\"https:\\\/\\\/alextheoliveguy.com\\\/de\\\/datenschutzbestimmungen\\\/#breadcrumb\",\"itemListElement\":[{\"@type\":\"ListItem\",\"position\":1,\"name\":\"Accueil\",\"item\":\"https:\\\/\\\/alextheoliveguy.com\\\/de\\\/startseite\\\/\"},{\"@type\":\"ListItem\",\"position\":2,\"name\":\"Datenschutzbestimmungen\"}]},{\"@type\":\"WebSite\",\"@id\":\"https:\\\/\\\/alextheoliveguy.com\\\/de\\\/#website\",\"url\":\"https:\\\/\\\/alextheoliveguy.com\\\/de\\\/\",\"name\":\"Alex - The Olive Guy\",\"description\":\"Bringing the heart of Italy to your table, Alex - The Olive Guy, where passion meets purity in every drop of excellence\",\"potentialAction\":[{\"@type\":\"SearchAction\",\"target\":{\"@type\":\"EntryPoint\",\"urlTemplate\":\"https:\\\/\\\/alextheoliveguy.com\\\/de\\\/?s={search_term_string}\"},\"query-input\":{\"@type\":\"PropertyValueSpecification\",\"valueRequired\":true,\"valueName\":\"search_term_string\"}}],\"inLanguage\":\"de\"}]}<\/script>\n<!-- \/ Yoast SEO plugin. -->","yoast_head_json":{"title":"Datenschutzbestimmungen - Alex - The Olive Guy","robots":{"index":"index","follow":"follow","max-snippet":"max-snippet:-1","max-image-preview":"max-image-preview:large","max-video-preview":"max-video-preview:-1"},"canonical":"https:\/\/alextheoliveguy.com\/de\/datenschutzbestimmungen\/","og_locale":"de_DE","og_type":"article","og_title":"Datenschutzbestimmungen - Alex - The Olive Guy","og_url":"https:\/\/alextheoliveguy.com\/de\/datenschutzbestimmungen\/","og_site_name":"Alex - The Olive Guy","article_modified_time":"2025-01-31T11:40:50+00:00","twitter_card":"summary_large_image","twitter_misc":{"Gesch\u00e4tzte Lesezeit":"9\u00a0Minuten"},"schema":{"@context":"https:\/\/schema.org","@graph":[{"@type":"WebPage","@id":"https:\/\/alextheoliveguy.com\/de\/datenschutzbestimmungen\/","url":"https:\/\/alextheoliveguy.com\/de\/datenschutzbestimmungen\/","name":"Datenschutzbestimmungen - Alex - The Olive Guy","isPartOf":{"@id":"https:\/\/alextheoliveguy.com\/de\/#website"},"datePublished":"2023-12-29T06:30:30+00:00","dateModified":"2025-01-31T11:40:50+00:00","breadcrumb":{"@id":"https:\/\/alextheoliveguy.com\/de\/datenschutzbestimmungen\/#breadcrumb"},"inLanguage":"de","potentialAction":[{"@type":"ReadAction","target":["https:\/\/alextheoliveguy.com\/de\/datenschutzbestimmungen\/"]}]},{"@type":"BreadcrumbList","@id":"https:\/\/alextheoliveguy.com\/de\/datenschutzbestimmungen\/#breadcrumb","itemListElement":[{"@type":"ListItem","position":1,"name":"Accueil","item":"https:\/\/alextheoliveguy.com\/de\/startseite\/"},{"@type":"ListItem","position":2,"name":"Datenschutzbestimmungen"}]},{"@type":"WebSite","@id":"https:\/\/alextheoliveguy.com\/de\/#website","url":"https:\/\/alextheoliveguy.com\/de\/","name":"Alex - The Olive Guy","description":"Bringing the heart of Italy to your table, Alex - The Olive Guy, where passion meets purity in every drop of excellence","potentialAction":[{"@type":"SearchAction","target":{"@type":"EntryPoint","urlTemplate":"https:\/\/alextheoliveguy.com\/de\/?s={search_term_string}"},"query-input":{"@type":"PropertyValueSpecification","valueRequired":true,"valueName":"search_term_string"}}],"inLanguage":"de"}]}},"_links":{"self":[{"href":"https:\/\/alextheoliveguy.com\/de\/wp-json\/wp\/v2\/pages\/1385","targetHints":{"allow":["GET"]}}],"collection":[{"href":"https:\/\/alextheoliveguy.com\/de\/wp-json\/wp\/v2\/pages"}],"about":[{"href":"https:\/\/alextheoliveguy.com\/de\/wp-json\/wp\/v2\/types\/page"}],"author":[{"embeddable":true,"href":"https:\/\/alextheoliveguy.com\/de\/wp-json\/wp\/v2\/users\/1"}],"replies":[{"embeddable":true,"href":"https:\/\/alextheoliveguy.com\/de\/wp-json\/wp\/v2\/comments?post=1385"}],"version-history":[{"count":7,"href":"https:\/\/alextheoliveguy.com\/de\/wp-json\/wp\/v2\/pages\/1385\/revisions"}],"predecessor-version":[{"id":1392,"href":"https:\/\/alextheoliveguy.com\/de\/wp-json\/wp\/v2\/pages\/1385\/revisions\/1392"}],"wp:attachment":[{"href":"https:\/\/alextheoliveguy.com\/de\/wp-json\/wp\/v2\/media?parent=1385"}],"curies":[{"name":"wp","href":"https:\/\/api.w.org\/{rel}","templated":true}]}}